{"id":8,"date":"2020-08-26T10:19:16","date_gmt":"2020-08-26T08:19:16","guid":{"rendered":"https:\/\/www.asseslovakia.sk\/?page_id=8"},"modified":"2021-03-15T12:48:56","modified_gmt":"2021-03-15T11:48:56","slug":"homepage","status":"publish","type":"page","link":"https:\/\/www.asseslovakia.sk\/","title":{"rendered":"ASSE"},"content":{"rendered":"\t\t<div data-elementor-type=\"wp-page\" data-elementor-id=\"8\" class=\"elementor elementor-8\">\n\t\t\t\t\t\t<div class=\"elementor-inner\">\n\t\t\t\t<div class=\"elementor-section-wrap\">\n\t\t\t\t\t\t\t\t\t<section class=\"elementor-section elementor-top-section elementor-element elementor-element-8f51260 elementor-section-boxed elementor-section-height-default elementor-section-height-default\" data-id=\"8f51260\" data-element_type=\"section\">\n\t\t\t\t\t\t<div class=\"elementor-container elementor-column-gap-default\">\n\t\t\t\t\t\t\t<div class=\"elementor-row\">\n\t\t\t\t\t<div class=\"elementor-column elementor-col-100 elementor-top-column elementor-element elementor-element-4562d4e\" data-id=\"4562d4e\" data-element_type=\"column\">\n\t\t\t<div class=\"elementor-column-wrap elementor-element-populated\">\n\t\t\t\t\t\t\t<div class=\"elementor-widget-wrap\">\n\t\t\t\t\t\t<div class=\"elementor-element elementor-element-a072749 elementor--h-position-center elementor--v-position-middle elementor-arrows-position-inside elementor-pagination-position-inside elementor-widget elementor-widget-slides\" data-id=\"a072749\" data-element_type=\"widget\" data-settings=\"{&quot;autoplay_speed&quot;:12000,&quot;transition_speed&quot;:1000,&quot;navigation&quot;:&quot;both&quot;,&quot;autoplay&quot;:&quot;yes&quot;,&quot;pause_on_hover&quot;:&quot;yes&quot;,&quot;pause_on_interaction&quot;:&quot;yes&quot;,&quot;transition&quot;:&quot;slide&quot;}\" data-widget_type=\"slides.default\">\n\t\t\t\t<div class=\"elementor-widget-container\">\n\t\t\t\t\t<div class=\"elementor-swiper\">\n\t\t\t<div class=\"elementor-slides-wrapper elementor-main-swiper swiper-container\" dir=\"ltr\" data-animation=\"fadeInUp\">\n\t\t\t\t<div class=\"swiper-wrapper elementor-slides\">\n\t\t\t\t\t<div class=\"elementor-repeater-item-f415c79 swiper-slide\"><div class=\"swiper-slide-bg\"><\/div><div class=\"swiper-slide-inner\" ><div class=\"swiper-slide-contents\"><div class=\"elementor-slide-heading\">Sme aj na Youtube !<\/div><div class=\"elementor-slide-description\">Spoznajte bli\u017e\u0161ie na\u0161ich \u010dlenov, cez vide\u00e1, ktor\u00e9 sme si pre V\u00e1s pripravili!<\/div><a href=\"https:\/\/www.youtube.com\/channel\/UC-aO2dtuK78QOF8QmqSWTxQ\" class=\"elementor-button elementor-slide-button elementor-size-sm\">N\u00e1\u0161 Youtube<\/a><\/div><\/div><\/div>\t\t\t\t<\/div>\n\t\t\t\t\t\t\t<\/div>\n\t\t<\/div>\n\t\t\t\t<\/div>\n\t\t\t\t<\/div>\n\t\t\t\t<div class=\"elementor-element elementor-element-9c4445d elementor-widget elementor-widget-heading\" data-id=\"9c4445d\" data-element_type=\"widget\" data-widget_type=\"heading.default\">\n\t\t\t\t<div class=\"elementor-widget-container\">\n\t\t\t<h1 class=\"elementor-heading-title elementor-size-large\">Aktuality<\/h1>\t\t<\/div>\n\t\t\t\t<\/div>\n\t\t\t\t<div class=\"elementor-element elementor-element-a5a17e3 elementor-widget elementor-widget-eael-facebook-feed\" data-id=\"a5a17e3\" data-element_type=\"widget\" data-widget_type=\"eael-facebook-feed.default\">\n\t\t\t\t<div class=\"elementor-widget-container\">\n\t\t\t        <div class=\"eael-facebook-feed eael-col-4 eael-facebook-feed-card\" id=\"eael-facebook-feed-a5a17e3\">\n                    <\/div>\n        <div class=\"clearfix\"><\/div>\n                    <div class=\"eael-load-more-button-wrap\">\n                <button class=\"eael-load-more-button\" id=\"eael-load-more-btn-a5a17e3\" data-widget-id=\"a5a17e3\" data-post-id=\"8\" data-page=\"1\">\n                    <div class=\"eael-btn-loader button__loader\"><\/div>\n                    <span>NA\u010c\u00cdTA\u0164 VIAC<\/span>\n                <\/button>\n            <\/div>\n            \t\t<\/div>\n\t\t\t\t<\/div>\n\t\t\t\t\t\t<\/div>\n\t\t\t\t\t<\/div>\n\t\t<\/div>\n\t\t\t\t\t\t\t\t<\/div>\n\t\t\t\t\t<\/div>\n\t\t<\/section>\n\t\t\t\t<section class=\"elementor-section elementor-top-section elementor-element elementor-element-b21a31e elementor-section-stretched elementor-section-full_width elementor-section-content-top elementor-section-height-default elementor-section-height-default\" data-id=\"b21a31e\" data-element_type=\"section\" data-settings=\"{&quot;stretch_section&quot;:&quot;section-stretched&quot;}\">\n\t\t\t\t\t\t<div class=\"elementor-container elementor-column-gap-default\">\n\t\t\t\t\t\t\t<div class=\"elementor-row\">\n\t\t\t\t\t<div class=\"elementor-column elementor-col-100 elementor-top-column elementor-element elementor-element-fc214fb\" data-id=\"fc214fb\" data-element_type=\"column\">\n\t\t\t<div class=\"elementor-column-wrap\">\n\t\t\t\t\t\t\t<div class=\"elementor-widget-wrap\">\n\t\t\t\t\t\t\t\t<\/div>\n\t\t\t\t\t<\/div>\n\t\t<\/div>\n\t\t\t\t\t\t\t\t<\/div>\n\t\t\t\t\t<\/div>\n\t\t<\/section>\n\t\t\t\t\t\t\t\t\t<\/div>\n\t\t\t<\/div>\n\t\t\t\t\t<\/div>\n\t\t","protected":false},"excerpt":{"rendered":"<p>Sme aj na Youtube !Spoznajte bli\u017e\u0161ie na\u0161ich \u010dlenov, cez vide\u00e1, ktor\u00e9 sme si pre V\u00e1s pripravili!N\u00e1\u0161 Youtube Aktuality ASSE &#8211; Asoci\u00e1cia Subjektov Soci\u00e1lnej Ekonomiky 05 Mar 2021 https:\/\/www.aktuality.sk\/clanok\/870418\/socialne-podniky-su-na-kolenach-moze-za-to-pandemia-aj-stat\/ www.aktuality.sk Soci\u00e1lne podniky s\u00fa na kolen\u00e1ch. M\u00f4\u017ee za to pand\u00e9mia aj liknavos\u0165 \u0161t\u00e1tu Krajniakovo ministerstvo me\u0161kalo dva mesiace so schv\u00e1len\u00edm \u0161tandardnej finan\u010dnej pomoci pre desiatky soci\u00e1lnych podnikov [&hellip;]<\/p>\n","protected":false},"author":1,"featured_media":0,"parent":0,"menu_order":0,"comment_status":"closed","ping_status":"closed","template":"elementor_header_footer","meta":[],"_links":{"self":[{"href":"https:\/\/www.asseslovakia.sk\/index.php?rest_route=\/wp\/v2\/pages\/8"}],"collection":[{"href":"https:\/\/www.asseslovakia.sk\/index.php?rest_route=\/wp\/v2\/pages"}],"about":[{"href":"https:\/\/www.asseslovakia.sk\/index.php?rest_route=\/wp\/v2\/types\/page"}],"author":[{"embeddable":true,"href":"https:\/\/www.asseslovakia.sk\/index.php?rest_route=\/wp\/v2\/users\/1"}],"replies":[{"embeddable":true,"href":"https:\/\/www.asseslovakia.sk\/index.php?rest_route=%2Fwp%2Fv2%2Fcomments&post=8"}],"version-history":[{"count":6,"href":"https:\/\/www.asseslovakia.sk\/index.php?rest_route=\/wp\/v2\/pages\/8\/revisions"}],"predecessor-version":[{"id":431,"href":"https:\/\/www.asseslovakia.sk\/index.php?rest_route=\/wp\/v2\/pages\/8\/revisions\/431"}],"wp:attachment":[{"href":"https:\/\/www.asseslovakia.sk\/index.php?rest_route=%2Fwp%2Fv2%2Fmedia&parent=8"}],"curies":[{"name":"wp","href":"https:\/\/api.w.org\/{rel}","templated":true}]}}