{"id":437,"date":"2021-03-15T13:16:53","date_gmt":"2021-03-15T12:16:53","guid":{"rendered":"https:\/\/www.asseslovakia.sk\/?page_id=437"},"modified":"2021-03-18T09:51:27","modified_gmt":"2021-03-18T08:51:27","slug":"o-socialnych-podnikoch-2","status":"publish","type":"page","link":"https:\/\/www.asseslovakia.sk\/?page_id=437","title":{"rendered":"Pre soci\u00e1lne podniky"},"content":{"rendered":"\t\t<div data-elementor-type=\"wp-page\" data-elementor-id=\"437\" class=\"elementor elementor-437\">\n\t\t\t\t\t\t<div class=\"elementor-inner\">\n\t\t\t\t<div class=\"elementor-section-wrap\">\n\t\t\t\t\t\t\t\t\t<section class=\"elementor-section elementor-top-section elementor-element elementor-element-2ef14aff elementor-section-full_width elementor-section-height-default elementor-section-height-default\" data-id=\"2ef14aff\" data-element_type=\"section\" id=\"tmpl-contact\" data-settings=\"{&quot;background_background&quot;:&quot;classic&quot;}\">\n\t\t\t\t\t\t<div class=\"elementor-container elementor-column-gap-default\">\n\t\t\t\t\t\t\t<div class=\"elementor-row\">\n\t\t\t\t\t<div class=\"elementor-column elementor-col-100 elementor-top-column elementor-element elementor-element-12c28594\" data-id=\"12c28594\" data-element_type=\"column\">\n\t\t\t<div class=\"elementor-column-wrap elementor-element-populated\">\n\t\t\t\t\t\t\t<div class=\"elementor-widget-wrap\">\n\t\t\t\t\t\t<div class=\"elementor-element elementor-element-744ef0c elementor-widget elementor-widget-heading\" data-id=\"744ef0c\" data-element_type=\"widget\" data-widget_type=\"heading.default\">\n\t\t\t\t<div class=\"elementor-widget-container\">\n\t\t\t<h1 class=\"elementor-heading-title elementor-size-default\">Pre registrovan\u00e9 soci\u00e1lne podniky<\/h1>\t\t<\/div>\n\t\t\t\t<\/div>\n\t\t\t\t\t\t<\/div>\n\t\t\t\t\t<\/div>\n\t\t<\/div>\n\t\t\t\t\t\t\t\t<\/div>\n\t\t\t\t\t<\/div>\n\t\t<\/section>\n\t\t\t\t<section class=\"elementor-section elementor-top-section elementor-element elementor-element-b156a87 elementor-section-full_width elementor-section-height-default elementor-section-height-default\" data-id=\"b156a87\" data-element_type=\"section\">\n\t\t\t\t\t\t<div class=\"elementor-container elementor-column-gap-default\">\n\t\t\t\t\t\t\t<div class=\"elementor-row\">\n\t\t\t\t\t<div class=\"elementor-column elementor-col-50 elementor-top-column elementor-element elementor-element-e3259a3\" data-id=\"e3259a3\" data-element_type=\"column\">\n\t\t\t<div class=\"elementor-column-wrap elementor-element-populated\">\n\t\t\t\t\t\t\t<div class=\"elementor-widget-wrap\">\n\t\t\t\t\t\t<div class=\"elementor-element elementor-element-fa1f4d2 elementor-widget elementor-widget-image\" data-id=\"fa1f4d2\" data-element_type=\"widget\" data-widget_type=\"image.default\">\n\t\t\t\t<div class=\"elementor-widget-container\">\n\t\t\t\t\t\t\t\t<div class=\"elementor-image\">\n\t\t\t\t\t\t\t\t\t\t\t\t\t<a href=\"http:\/\/www.i-sco.sk\" target=\"_blank\">\n\t\t\t\t\t\t\t<img width=\"580\" height=\"410\" src=\"https:\/\/www.asseslovakia.sk\/wp-content\/uploads\/2021\/03\/BEZPLAT.-SKOLENIA-1024x724.png\" class=\"attachment-large size-large wp-image-438\" alt=\"\" loading=\"lazy\" srcset=\"https:\/\/www.asseslovakia.sk\/wp-content\/uploads\/2021\/03\/BEZPLAT.-SKOLENIA-1024x724.png 1024w, https:\/\/www.asseslovakia.sk\/wp-content\/uploads\/2021\/03\/BEZPLAT.-SKOLENIA-300x212.png 300w, https:\/\/www.asseslovakia.sk\/wp-content\/uploads\/2021\/03\/BEZPLAT.-SKOLENIA-768x543.png 768w, https:\/\/www.asseslovakia.sk\/wp-content\/uploads\/2021\/03\/BEZPLAT.-SKOLENIA-1536x1086.png 1536w, https:\/\/www.asseslovakia.sk\/wp-content\/uploads\/2021\/03\/BEZPLAT.-SKOLENIA-1200x849.png 1200w, https:\/\/www.asseslovakia.sk\/wp-content\/uploads\/2021\/03\/BEZPLAT.-SKOLENIA-1980x1401.png 1980w, https:\/\/www.asseslovakia.sk\/wp-content\/uploads\/2021\/03\/BEZPLAT.-SKOLENIA.png 1999w\" sizes=\"(max-width: 580px) 100vw, 580px\" \/>\t\t\t\t\t\t\t\t<\/a>\n\t\t\t\t\t\t\t\t\t\t\t\t\t\t<\/div>\n\t\t\t\t\t\t<\/div>\n\t\t\t\t<\/div>\n\t\t\t\t\t\t<\/div>\n\t\t\t\t\t<\/div>\n\t\t<\/div>\n\t\t\t\t<div class=\"elementor-column elementor-col-50 elementor-top-column elementor-element elementor-element-d95cda2\" data-id=\"d95cda2\" data-element_type=\"column\">\n\t\t\t<div class=\"elementor-column-wrap elementor-element-populated\">\n\t\t\t\t\t\t\t<div class=\"elementor-widget-wrap\">\n\t\t\t\t\t\t<div class=\"elementor-element elementor-element-292d4fd elementor-widget elementor-widget-heading\" data-id=\"292d4fd\" data-element_type=\"widget\" data-widget_type=\"heading.default\">\n\t\t\t\t<div class=\"elementor-widget-container\">\n\t\t\t<h3 class=\"elementor-heading-title elementor-size-default\">BEZPLATN\u00c9 \u0160KOLENIE PRE REGISTROVAN\u00c9 SOCI\u00c1LNE PODNIKY<\/h3>\t\t<\/div>\n\t\t\t\t<\/div>\n\t\t\t\t<div class=\"elementor-element elementor-element-246901f elementor-widget elementor-widget-text-editor\" data-id=\"246901f\" data-element_type=\"widget\" data-widget_type=\"text-editor.default\">\n\t\t\t\t<div class=\"elementor-widget-container\">\n\t\t\t\t\t\t\t\t<div class=\"elementor-text-editor elementor-clearfix\">\n\t\t\t\t<p>Prihl\u00e1ste sa na bezplatn\u00e9 \u0161kolenie na t\u00e9my:<\/p>\n<p>Verejn\u00e9 obstar\u00e1vanie a Konzulta\u010dn\u00e1 pomoc pre registrovan\u00e9 soci\u00e1lne podniky&nbsp;<\/p>\n<p>Vyberte si 1 z term\u00ednov:<\/p>\n<p>24.3. (streda)<\/p>\n<p>30.3. (utorok)&nbsp;<\/p><p>vypl\u0148te prihl\u00e1\u0161ku a po\u0161lite ju na:<\/p>\n<p class=\"css-1pvs522\" tabindex=\"0\" data-is-focusable=\"true\"><a href=\"mailto:durta@i-sco.sk\">durta@i-sco.sk<\/a><\/p>\n<p>v pr\u00edpade ot\u00e1zok kontaktujte <a href=\"https:\/\/i-sco.sk\/\">Slovensk\u00e9 centrum obstar\u00e1vania<\/a>,&nbsp;ktor\u00e9 \u0161kolenie organizuje: 0914341332<\/p>\t\t\t\t\t<\/div>\n\t\t\t\t\t\t<\/div>\n\t\t\t\t<\/div>\n\t\t\t\t<section class=\"elementor-section elementor-inner-section elementor-element elementor-element-3617602 elementor-section-boxed elementor-section-height-default elementor-section-height-default\" data-id=\"3617602\" data-element_type=\"section\">\n\t\t\t\t\t\t<div class=\"elementor-container elementor-column-gap-default\">\n\t\t\t\t\t\t\t<div class=\"elementor-row\">\n\t\t\t\t\t<div class=\"elementor-column elementor-col-50 elementor-inner-column elementor-element elementor-element-7c1b7fc\" data-id=\"7c1b7fc\" data-element_type=\"column\">\n\t\t\t<div class=\"elementor-column-wrap elementor-element-populated\">\n\t\t\t\t\t\t\t<div class=\"elementor-widget-wrap\">\n\t\t\t\t\t\t<div class=\"elementor-element elementor-element-2d565dd elementor-align-center elementor-widget elementor-widget-button\" data-id=\"2d565dd\" data-element_type=\"widget\" data-widget_type=\"button.default\">\n\t\t\t\t<div class=\"elementor-widget-container\">\n\t\t\t\t\t<div class=\"elementor-button-wrapper\">\n\t\t\t<a href=\"https:\/\/www.asseslovakia.sk\/wp-content\/uploads\/2021\/03\/SCO-Ponuka-vseobecna-letak.pdf\" class=\"elementor-button-link elementor-button elementor-size-lg\" role=\"button\">\n\t\t\t\t\t\t<span class=\"elementor-button-content-wrapper\">\n\t\t\t\t\t\t<span class=\"elementor-button-text\">SCO Ponuka vseobecna - let\u00e1k<\/span>\n\t\t<\/span>\n\t\t\t\t\t<\/a>\n\t\t<\/div>\n\t\t\t\t<\/div>\n\t\t\t\t<\/div>\n\t\t\t\t\t\t<\/div>\n\t\t\t\t\t<\/div>\n\t\t<\/div>\n\t\t\t\t<div class=\"elementor-column elementor-col-50 elementor-inner-column elementor-element elementor-element-2c5b872\" data-id=\"2c5b872\" data-element_type=\"column\">\n\t\t\t<div class=\"elementor-column-wrap elementor-element-populated\">\n\t\t\t\t\t\t\t<div class=\"elementor-widget-wrap\">\n\t\t\t\t\t\t<div class=\"elementor-element elementor-element-4fec5cb elementor-align-center elementor-widget elementor-widget-button\" data-id=\"4fec5cb\" data-element_type=\"widget\" data-widget_type=\"button.default\">\n\t\t\t\t<div class=\"elementor-widget-container\">\n\t\t\t\t\t<div class=\"elementor-button-wrapper\">\n\t\t\t<a href=\"https:\/\/www.asseslovakia.sk\/wp-content\/uploads\/2021\/03\/prihlaska-na-skolenie.docx\" class=\"elementor-button-link elementor-button elementor-size-md\" role=\"button\">\n\t\t\t\t\t\t<span class=\"elementor-button-content-wrapper\">\n\t\t\t\t\t\t<span class=\"elementor-button-text\">Prihl\u00e1\u0161ka na \u0161kolenie<\/span>\n\t\t<\/span>\n\t\t\t\t\t<\/a>\n\t\t<\/div>\n\t\t\t\t<\/div>\n\t\t\t\t<\/div>\n\t\t\t\t\t\t<\/div>\n\t\t\t\t\t<\/div>\n\t\t<\/div>\n\t\t\t\t\t\t\t\t<\/div>\n\t\t\t\t\t<\/div>\n\t\t<\/section>\n\t\t\t\t\t\t<\/div>\n\t\t\t\t\t<\/div>\n\t\t<\/div>\n\t\t\t\t\t\t\t\t<\/div>\n\t\t\t\t\t<\/div>\n\t\t<\/section>\n\t\t\t\t\t\t\t\t\t<\/div>\n\t\t\t<\/div>\n\t\t\t\t\t<\/div>\n\t\t","protected":false},"excerpt":{"rendered":"<p>Pre registrovan\u00e9 soci\u00e1lne podniky BEZPLATN\u00c9 \u0160KOLENIE PRE REGISTROVAN\u00c9 SOCI\u00c1LNE PODNIKY Prihl\u00e1ste sa na bezplatn\u00e9 \u0161kolenie na t\u00e9my: Verejn\u00e9 obstar\u00e1vanie a Konzulta\u010dn\u00e1 pomoc pre registrovan\u00e9 soci\u00e1lne podniky&nbsp; Vyberte si 1 z term\u00ednov: 24.3. (streda) 30.3. (utorok)&nbsp; vypl\u0148te prihl\u00e1\u0161ku a po\u0161lite ju na: durta@i-sco.sk v pr\u00edpade ot\u00e1zok kontaktujte Slovensk\u00e9 centrum obstar\u00e1vania,&nbsp;ktor\u00e9 \u0161kolenie organizuje: 0914341332 SCO Ponuka vseobecna [&hellip;]<\/p>\n","protected":false},"author":1,"featured_media":0,"parent":0,"menu_order":0,"comment_status":"closed","ping_status":"closed","template":"elementor_header_footer","meta":[],"_links":{"self":[{"href":"https:\/\/www.asseslovakia.sk\/index.php?rest_route=\/wp\/v2\/pages\/437"}],"collection":[{"href":"https:\/\/www.asseslovakia.sk\/index.php?rest_route=\/wp\/v2\/pages"}],"about":[{"href":"https:\/\/www.asseslovakia.sk\/index.php?rest_route=\/wp\/v2\/types\/page"}],"author":[{"embeddable":true,"href":"https:\/\/www.asseslovakia.sk\/index.php?rest_route=\/wp\/v2\/users\/1"}],"replies":[{"embeddable":true,"href":"https:\/\/www.asseslovakia.sk\/index.php?rest_route=%2Fwp%2Fv2%2Fcomments&post=437"}],"version-history":[{"count":6,"href":"https:\/\/www.asseslovakia.sk\/index.php?rest_route=\/wp\/v2\/pages\/437\/revisions"}],"predecessor-version":[{"id":497,"href":"https:\/\/www.asseslovakia.sk\/index.php?rest_route=\/wp\/v2\/pages\/437\/revisions\/497"}],"wp:attachment":[{"href":"https:\/\/www.asseslovakia.sk\/index.php?rest_route=%2Fwp%2Fv2%2Fmedia&parent=437"}],"curies":[{"name":"wp","href":"https:\/\/api.w.org\/{rel}","templated":true}]}}